{"id":11,"date":"2026-04-14T14:27:40","date_gmt":"2026-04-14T12:27:40","guid":{"rendered":"https:\/\/japan.etudiants3w.com\/eleves\/sophie\/?page_id=11"},"modified":"2026-04-14T14:40:21","modified_gmt":"2026-04-14T12:40:21","slug":"accueil","status":"publish","type":"page","link":"https:\/\/japan.etudiants3w.com\/eleves\/sophie\/","title":{"rendered":"Accueil"},"content":{"rendered":"<div class=\"et_pb_section_0 et_pb_section et_section_regular et_block_section\">\n<div class=\"et_pb_row_0 et_pb_row et_block_row\">\n<div class=\"et_pb_column_0 et_pb_column et_pb_column_4_4 et-last-child et_block_column et_pb_css_mix_blend_mode_passthrough\">\n<div class=\"et_pb_text_0 et_pb_text et_pb_bg_layout_light et_pb_module et_flex_module\"><div class=\"et_pb_text_inner\"><h2><span>Votre diagnostiqueur immobilier sur Montpellier, N\u00eemes et ses environs<\/span><\/h2>\n<\/div><\/div>\n\n<div class=\"et_pb_text_1 et_pb_text et_pb_bg_layout_light et_pb_module et_block_module\"><div class=\"et_pb_text_inner\"><p>Diagnostiqueur certifi\u00e9 par l'organisme LCC Qualixpert, le cabinet EDIL est sp\u00e9cialis\u00e9 dans la r\u00e9alisation de tous les diagnostics immobiliers obligatoires en cas de vente ou de location (Diagnostic amiante, plomb, \u00e9tat des installations \u00e9lectriques et de gaz, \u00e9tat parasitaire, ESRIS ou DPE).<\/p>\n<p>De plus, les experts du cabinet EDIL interviennent \u00e9galement dans le cadre de vos travaux ou d\u00e9molition, pour rep\u00e9rer la pr\u00e9sence d\u2019amiante ou de plomb.<\/p>\n<p>Install\u00e9s \u00e0 N\u00eemes, nous intervenons sur le Gard, l\u2019H\u00e9rault et leurs d\u00e9partements limitrophes en vous proposant une prestation professionnelle de qualit\u00e9.<\/p>\n<p>Devis gratuit et rendez-vous vous attendent en nous contactant au 0972541240.<\/p>\n<\/div><\/div>\n<\/div>\n<\/div>\n<\/div>","protected":false},"excerpt":{"rendered":"","protected":false},"author":1,"featured_media":0,"parent":0,"menu_order":0,"comment_status":"closed","ping_status":"closed","template":"","meta":{"footnotes":""},"class_list":["post-11","page","type-page","status-publish","hentry"],"_links":{"self":[{"href":"https:\/\/japan.etudiants3w.com\/eleves\/sophie\/wp-json\/wp\/v2\/pages\/11","targetHints":{"allow":["GET"]}}],"collection":[{"href":"https:\/\/japan.etudiants3w.com\/eleves\/sophie\/wp-json\/wp\/v2\/pages"}],"about":[{"href":"https:\/\/japan.etudiants3w.com\/eleves\/sophie\/wp-json\/wp\/v2\/types\/page"}],"author":[{"embeddable":true,"href":"https:\/\/japan.etudiants3w.com\/eleves\/sophie\/wp-json\/wp\/v2\/users\/1"}],"replies":[{"embeddable":true,"href":"https:\/\/japan.etudiants3w.com\/eleves\/sophie\/wp-json\/wp\/v2\/comments?post=11"}],"version-history":[{"count":2,"href":"https:\/\/japan.etudiants3w.com\/eleves\/sophie\/wp-json\/wp\/v2\/pages\/11\/revisions"}],"predecessor-version":[{"id":15,"href":"https:\/\/japan.etudiants3w.com\/eleves\/sophie\/wp-json\/wp\/v2\/pages\/11\/revisions\/15"}],"wp:attachment":[{"href":"https:\/\/japan.etudiants3w.com\/eleves\/sophie\/wp-json\/wp\/v2\/media?parent=11"}],"curies":[{"name":"wp","href":"https:\/\/api.w.org\/{rel}","templated":true}]}}